{"id":66,"date":"2023-02-14T04:33:37","date_gmt":"2023-02-14T04:33:37","guid":{"rendered":"http:\/\/lemi.projects.uvt.ro\/?page_id=66"},"modified":"2023-05-31T08:58:03","modified_gmt":"2023-05-31T05:58:03","slug":"instrumente-lemi","status":"publish","type":"page","link":"http:\/\/lemi.projects.uvt.ro\/ro\/instrumente-lemi\/","title":{"rendered":"Instrumente LEMI"},"content":{"rendered":"<div class=\"container theme5\" style=\"width:100%; height:auto\"><ul class=\"responsive-accordion responsive-accordion-default bm-larger\"><li><div class=\"responsive-accordion-head\" style=\"background-color:#5b5b5b\"><span style=\"color:#ffb024;font-size:18px\">1. Chestionarul LEMI<\/span><i class=\"fa fa-chevron-down responsive-accordion-plus fa-fw\"><\/i><i class=\"fa fa-chevron-up responsive-accordion-minus fa-fw\"><\/i><\/div><div class=\"responsive-accordion-panel\"style=\"background-color:;padding:12px;color:#000000;font-size:15px\"><p style=\"text-align: justify;\">Echipa proiectului a creat un set de trei chestionare LEMI, adresate cadrelor didactice, p\u0103rin\u021bilor \u0219i elevilor de clase primare (clasele 0-IV). \u00centreb\u0103rile chestionarului includ evaluarea complexit\u0103\u021bii textelor din manualele folosite, exemple de autori prefera\u021bi \u0219i texte pentru lectur\u0103 apreciate dar \u0219i recomand\u0103ri de lectur\u0103. Fiind r\u0103spunsuri de la toate cele trei categorii de persoane implicate \u00een activit\u0103\u0163ile de lecturare ale copiilor (care didactice, p\u0103rin\u021bi \u0219i elevi), r\u0103spunsurile sunt foarte interesante \u0219i din punct de vedere comparativ.<\/p>\n<p>Pentru rezultate preliminare privind analiza chestionarului, pute\u021bi accesa sec\u021biunea <a href=\"https:\/\/lemi.projects.uvt.ro\/ro\/cercetare\/\">Cercetare<\/a>.<\/p>\n<p>Chestionarele sunt accesibile \u00een format PDF la urm\u0103toarele link-uri pe baz\u0103 de cod de acces (acesta se poate ob\u021bine de la echipa LEMI la adresa: <a href=\"mailto:codhus@e-uvt.ro\">codhus@e-uvt.ro<\/a>):<\/p>\n<p><strong><em>Chestionar LEMI cadre didactice<\/em><\/strong> \u2013 Link <a href=\"https:\/\/drive.google.com\/drive\/u\/0\/folders\/109Y3-Wo9wHcFpnbr1nUJ7JRJV5UUqVsu\">aici<\/a><\/p>\n<p><strong><em>Chestionar LEMI p\u0103rin\u021bi<\/em><\/strong> \u2013 Link <a href=\"https:\/\/drive.google.com\/drive\/u\/0\/folders\/109Y3-Wo9wHcFpnbr1nUJ7JRJV5UUqVsu\">aici<\/a><\/p>\n<p><strong><em>Chestionar LEMI elevi<\/em><\/strong> \u2013 Link <a href=\"https:\/\/drive.google.com\/drive\/u\/0\/folders\/109Y3-Wo9wHcFpnbr1nUJ7JRJV5UUqVsu\">aici<\/a><\/p>\n<p style=\"text-align: justify;\">Chestionarul LEMI are licen\u021b\u0103 Creative Commons \u0219i poate fi citat ca:<\/p>\n<table>\n<tbody>\n<tr>\n<td><a href=\"http:\/\/lemi.projects.uvt.ro\/wp-content\/uploads\/2023\/03\/images.png\"><img loading=\"lazy\" decoding=\"async\" class=\"alignnone wp-image-400 size-full\" src=\"http:\/\/lemi.projects.uvt.ro\/wp-content\/uploads\/2023\/03\/images.png\" alt=\"\" width=\"379\" height=\"133\" srcset=\"http:\/\/lemi.projects.uvt.ro\/wp-content\/uploads\/2023\/03\/images.png 379w, http:\/\/lemi.projects.uvt.ro\/wp-content\/uploads\/2023\/03\/images-300x105.png 300w\" sizes=\"(max-width: 379px) 100vw, 379px\" \/><\/a><\/td>\n<td><a href=\"https:\/\/creativecommons.org\/licenses\/by-nc-nd\/4.0\/\"><b>CC BY-NC-ND<\/b><\/a><span style=\"font-weight: 400;\">: This license allows reusers to copy and distribute the material in any medium or format in unadapted form only, for noncommercial purposes only, and only so long as attribution is given to the creator.\u00a0<\/span><\/td>\n<\/tr>\n<tr>\n<td><b>Cite as:<\/b><\/td>\n<td><b>Chestionar cadre didactice<\/b><\/p>\n<p><span style=\"font-weight: 400;\">Rogobete, R., Oravi\u021ban, A. \u0219i Chitez, M. (2023). <\/span><i><span style=\"font-weight: 400;\">Chestionar LEMI pentru cadre didactice<\/span><\/i><span style=\"font-weight: 400;\">. Universitatea de Vest din Timi\u0219oara, Rom\u00e2nia. Disponibil la: <\/span><a href=\"https:\/\/lemi.projects.uvt.ro\/ro\/instrumente-lemi\/\"><span style=\"font-weight: 400;\">https:\/\/lemi.projects.uvt.ro\/ro\/instrumente-lemi\/<\/span><\/a><\/td>\n<\/tr>\n<tr>\n<td><\/td>\n<td><b>Chestionar p\u0103rin\u021bi<\/b><\/p>\n<p><span style=\"font-weight: 400;\">Rogobete, R., Oravi\u021ban, A. \u0219i Chitez, M. (2023). <\/span><i><span style=\"font-weight: 400;\">Chestionar LEMI pentru cadre didactice<\/span><\/i><span style=\"font-weight: 400;\">. Universitatea de Vest din Timi\u0219oara, Rom\u00e2nia. Disponibil la: <\/span><a href=\"https:\/\/lemi.projects.uvt.ro\/ro\/instrumente-lemi\/\"><span style=\"font-weight: 400;\">https:\/\/lemi.projects.uvt.ro\/ro\/instrumente-lemi\/<\/span><\/a><\/td>\n<\/tr>\n<tr>\n<td><\/td>\n<td><b>Chestionar elevi<\/b><\/p>\n<p><span style=\"font-weight: 400;\">Rogobete, R., Oravi\u021ban, A. \u0219i Chitez, M. (2023). <\/span><i><span style=\"font-weight: 400;\">Chestionar LEMI pentru elevi. <\/span><\/i><span style=\"font-weight: 400;\">Universitatea de Vest din Timi\u0219oara, Rom\u00e2nia. Disponibil la: <\/span><a href=\"https:\/\/lemi.projects.uvt.ro\/ro\/instrumente-lemi\/\"><span style=\"font-weight: 400;\">https:\/\/lemi.projects.uvt.ro\/ro\/instrumente-lemi\/<\/span><\/a><\/td>\n<\/tr>\n<\/tbody>\n<\/table>\n<\/div><\/li><li><div class=\"responsive-accordion-head\" style=\"background-color:#5b5b5b\"><span style=\"color:#ffb024;font-size:18px\">2. Platforma LEMI include:<\/span><i class=\"fa fa-chevron-down responsive-accordion-plus fa-fw\"><\/i><i class=\"fa fa-chevron-up responsive-accordion-minus fa-fw\"><\/i><\/div><div class=\"responsive-accordion-panel\"style=\"background-color:;padding:12px;color:#000000;font-size:15px\"><p>1. <strong>Repozitoriul digital<\/strong> <strong>LEMI<\/strong> este parte din platforma LEMI. Acesta include 250 de texte de literatur\u0103 pentru copii, selec\u021bionate, evaluate din punct de vedere al complexit\u0103\u021bii lingvistice \u0219i clasificate pe niveluri de clas\u0103, v\u00e2rst\u0103 \u0219i nivel de complexitate.<\/p>\n<p>Repozitoriul se reg\u0103se\u0219te la rubrica <strong><em>C\u0103utare<\/em><\/strong> <a href=\"https:\/\/lemi.ro\">aici<\/a>.<\/p>\n<p>&nbsp;<\/p>\n<p>2. <strong>Interfa<\/strong><strong>\u021ba <\/strong>de calcul automat, prin upload de texte scurte (1-3 pagini), al gradului de complexitate lingivistic\u0103 al textului. Aceasta are la baz\u0103 <strong>formula de calcul readability (lizibilitate) a textelor de literatur<\/strong><strong>\u0103<\/strong><strong> pentru copii, dezvoltat<\/strong><strong>\u0103 de echipa LEMI<\/strong>.<\/p>\n<p><em><strong>\u00a0<\/strong><\/em>Interfa\u021ba se reg\u0103se\u0219te la rubrica\u00a0<em><strong>Analiz<\/strong><\/em><em><strong>\u0103<\/strong><\/em>\u00a0<a href=\"https:\/\/lemi.ro\">aici<\/a>.<\/p>\n<p>&nbsp;<\/p>\n<p><a href=\"https:\/\/lemi.ro\"><img loading=\"lazy\" decoding=\"async\" class=\"aligncenter wp-image-816 size-large\" src=\"http:\/\/lemi.projects.uvt.ro\/wp-content\/uploads\/2023\/03\/LEMI-1024x368.jpg\" alt=\"\" width=\"750\" height=\"270\" srcset=\"http:\/\/lemi.projects.uvt.ro\/wp-content\/uploads\/2023\/03\/LEMI-1024x368.jpg 1024w, http:\/\/lemi.projects.uvt.ro\/wp-content\/uploads\/2023\/03\/LEMI-300x108.jpg 300w, http:\/\/lemi.projects.uvt.ro\/wp-content\/uploads\/2023\/03\/LEMI-768x276.jpg 768w, http:\/\/lemi.projects.uvt.ro\/wp-content\/uploads\/2023\/03\/LEMI-1536x552.jpg 1536w, http:\/\/lemi.projects.uvt.ro\/wp-content\/uploads\/2023\/03\/LEMI-1568x564.jpg 1568w, http:\/\/lemi.projects.uvt.ro\/wp-content\/uploads\/2023\/03\/LEMI.jpg 1583w\" sizes=\"(max-width: 750px) 100vw, 750px\" \/><\/a><\/p>\n<\/div><\/li><li><div class=\"responsive-accordion-head\" style=\"background-color:#5b5b5b\"><span style=\"color:#ffb024;font-size:18px\">3. Seturi de instruc\u021biuni de folosire a instrumentelor LEMI<\/span><i class=\"fa fa-chevron-down responsive-accordion-plus fa-fw\"><\/i><i class=\"fa fa-chevron-up responsive-accordion-minus fa-fw\"><\/i><\/div><div class=\"responsive-accordion-panel\"style=\"background-color:;padding:12px;color:#000000;font-size:15px\"><p>A \u2013 \u201e<a href=\"http:\/\/lemi.projects.uvt.ro\/wp-content\/uploads\/2023\/11\/Instructiuni-LEMI_1_La-clasa.pdf\">Introducere \u00een lectur\u0103 personalizat\u0103. Cum folosim Repozitoriul de Lectur\u0103 la clas\u0103<\/a>\u201d;<\/p>\n<p>B \u2013 \u201e<a href=\"http:\/\/lemi.projects.uvt.ro\/wp-content\/uploads\/2023\/11\/Instructiuni-LEMI_2_Acasa.pdf\">Introducere \u00een lectur\u0103 personalizat\u0103. Cum folosim Repozitoriul de Lectur\u0103 acas\u0103<\/a>\u201d;<\/p>\n<p>C \u2013 \u201e<a href=\"http:\/\/lemi.projects.uvt.ro\/wp-content\/uploads\/2023\/11\/Instructiuni-LEMI_3_Evaluare.pdf\">Cum folosim Instrumentul de Evaluare Texte pentru Lectur\u0103<\/a>\u201d<\/p>\n<\/div><\/li><\/ul><\/div>\n","protected":false},"excerpt":{"rendered":"","protected":false},"author":1,"featured_media":0,"parent":0,"menu_order":0,"comment_status":"closed","ping_status":"closed","template":"","meta":{"footnotes":""},"_links":{"self":[{"href":"http:\/\/lemi.projects.uvt.ro\/ro\/wp-json\/wp\/v2\/pages\/66"}],"collection":[{"href":"http:\/\/lemi.projects.uvt.ro\/ro\/wp-json\/wp\/v2\/pages"}],"about":[{"href":"http:\/\/lemi.projects.uvt.ro\/ro\/wp-json\/wp\/v2\/types\/page"}],"author":[{"embeddable":true,"href":"http:\/\/lemi.projects.uvt.ro\/ro\/wp-json\/wp\/v2\/users\/1"}],"replies":[{"embeddable":true,"href":"http:\/\/lemi.projects.uvt.ro\/ro\/wp-json\/wp\/v2\/comments?post=66"}],"version-history":[{"count":4,"href":"http:\/\/lemi.projects.uvt.ro\/ro\/wp-json\/wp\/v2\/pages\/66\/revisions"}],"predecessor-version":[{"id":670,"href":"http:\/\/lemi.projects.uvt.ro\/ro\/wp-json\/wp\/v2\/pages\/66\/revisions\/670"}],"wp:attachment":[{"href":"http:\/\/lemi.projects.uvt.ro\/ro\/wp-json\/wp\/v2\/media?parent=66"}],"curies":[{"name":"wp","href":"https:\/\/api.w.org\/{rel}","templated":true}]}}