{"id":56,"date":"2023-02-14T04:31:09","date_gmt":"2023-02-14T04:31:09","guid":{"rendered":"http:\/\/lemi.projects.uvt.ro\/?page_id=56"},"modified":"2023-11-21T13:41:17","modified_gmt":"2023-11-21T10:41:17","slug":"obiective","status":"publish","type":"page","link":"http:\/\/lemi.projects.uvt.ro\/ro\/obiective\/","title":{"rendered":"Obiective"},"content":{"rendered":"<p><span style=\"font-weight: 400;\">Obiectivele proiectului LEMI sunt:<\/span><\/p>\n<ul>\n<li style=\"font-weight: 400; text-align: justify;\" aria-level=\"1\"><span style=\"font-weight: 400;\">Realizarea unui <\/span><b>repozitoriu digital<\/b><span style=\"font-weight: 400;\"> (i.e. corpus lingvistic): 250 lecturi \u0219colare (texte reprezentative pentru patrimoniul cultural rom\u00e2nesc \u0219i universal).<\/span><\/li>\n<li style=\"font-weight: 400; text-align: justify;\" aria-level=\"1\"><span style=\"font-weight: 400;\">Crearea <strong>formulei de readability (lizibilitate)<\/strong> a textelor \u00een limba rom\u00e2n\u0103 de literatur\u0103 pentru copii spre includere \u00een <strong>instrumentul digital de evaluare automat\u0103 a complexit\u0103\u021bii lingvistice<\/strong> \u0219i a gradului de lecturare a textelor adresate cititorilor de v\u00e2rst\u0103 \u0219colar\u0103 mic\u0103 (cls. 0-IV).<\/span><\/li>\n<li style=\"font-weight: 400; text-align: justify;\" aria-level=\"1\"><span style=\"font-weight: 400;\">Crearea a <\/span><b>3 seturi de materiale cu instruc\u021biuni de folosire<\/b><span style=\"font-weight: 400;\"> a instrumentului digital \u0219i de integrare a rezultatelor \u00een activit\u0103\u0163i de predare\/\u00eenv\u0103\u021bare. Descriere seturi: A \u2013 \u201eIntroducere \u00een lectur\u0103 personalizat\u0103. Cum folosim Repozitoriul de Lectur\u0103 la clas\u0103\u201d; B \u2013 \u201eIntroducere \u00een lectur\u0103 personalizat\u0103. Cum folosim Repozitoriul de Lectur\u0103 acas\u0103\u201d; C \u2013 \u201eCum folosim Instrumentul de Evaluare Texte pentru Lectur\u0103\u201d. Fiecare set va con\u021bine un material cu instruc\u021biuni scrise \u0219i un scurt tutorial online.<\/span><\/li>\n<li style=\"font-weight: 400; text-align: justify;\" aria-level=\"1\"><b>Implicarea \u00een activit\u0103\u021bile proiectului (evenimente live sau online) a unui nr. total de 300 de membri<\/b><span style=\"font-weight: 400;\"> apar\u021bin\u00e2nd comunit\u0103\u021bilor \u0219colare\/didactice, asocia\u021biei cu scop educativ \u0219i a persoanelor cu func\u021bii de decizie din r\u00e2ndul beneficiarilor.<\/span><\/li>\n<\/ul>\n<p>&nbsp;<\/p>\n<p><img loading=\"lazy\" decoding=\"async\" class=\"aligncenter wp-image-583 size-large\" src=\"http:\/\/lemi.projects.uvt.ro\/wp-content\/uploads\/2023\/05\/school-closet-with-inspirational-stiker-1024x721.png\" alt=\"\" width=\"750\" height=\"528\" srcset=\"http:\/\/lemi.projects.uvt.ro\/wp-content\/uploads\/2023\/05\/school-closet-with-inspirational-stiker-1024x721.png 1024w, http:\/\/lemi.projects.uvt.ro\/wp-content\/uploads\/2023\/05\/school-closet-with-inspirational-stiker-300x211.png 300w, http:\/\/lemi.projects.uvt.ro\/wp-content\/uploads\/2023\/05\/school-closet-with-inspirational-stiker-768x541.png 768w, http:\/\/lemi.projects.uvt.ro\/wp-content\/uploads\/2023\/05\/school-closet-with-inspirational-stiker.png 1398w\" sizes=\"(max-width: 750px) 100vw, 750px\" \/><\/p>\n","protected":false},"excerpt":{"rendered":"<p>Obiectivele proiectului LEMI sunt: Realizarea unui repozitoriu digital (i.e. corpus lingvistic): 250 lecturi \u0219colare (texte reprezentative pentru patrimoniul cultural rom\u00e2nesc \u0219i universal). Crearea formulei de readability (lizibilitate) a textelor \u00een limba rom\u00e2n\u0103 de literatur\u0103 pentru copii spre includere \u00een instrumentul digital de evaluare automat\u0103 a complexit\u0103\u021bii lingvistice \u0219i a gradului de lecturare a textelor adresate&hellip; <a class=\"more-link\" href=\"http:\/\/lemi.projects.uvt.ro\/ro\/obiective\/\">Continu\u0103 lectura <span class=\"screen-reader-text\">Obiective<\/span><\/a><\/p>\n","protected":false},"author":1,"featured_media":0,"parent":0,"menu_order":0,"comment_status":"closed","ping_status":"closed","template":"","meta":{"footnotes":""},"_links":{"self":[{"href":"http:\/\/lemi.projects.uvt.ro\/ro\/wp-json\/wp\/v2\/pages\/56"}],"collection":[{"href":"http:\/\/lemi.projects.uvt.ro\/ro\/wp-json\/wp\/v2\/pages"}],"about":[{"href":"http:\/\/lemi.projects.uvt.ro\/ro\/wp-json\/wp\/v2\/types\/page"}],"author":[{"embeddable":true,"href":"http:\/\/lemi.projects.uvt.ro\/ro\/wp-json\/wp\/v2\/users\/1"}],"replies":[{"embeddable":true,"href":"http:\/\/lemi.projects.uvt.ro\/ro\/wp-json\/wp\/v2\/comments?post=56"}],"version-history":[{"count":13,"href":"http:\/\/lemi.projects.uvt.ro\/ro\/wp-json\/wp\/v2\/pages\/56\/revisions"}],"predecessor-version":[{"id":815,"href":"http:\/\/lemi.projects.uvt.ro\/ro\/wp-json\/wp\/v2\/pages\/56\/revisions\/815"}],"wp:attachment":[{"href":"http:\/\/lemi.projects.uvt.ro\/ro\/wp-json\/wp\/v2\/media?parent=56"}],"curies":[{"name":"wp","href":"https:\/\/api.w.org\/{rel}","templated":true}]}}