{"id":493,"date":"2023-04-27T07:36:27","date_gmt":"2023-04-27T04:36:27","guid":{"rendered":"http:\/\/lemi.projects.uvt.ro\/?page_id=493"},"modified":"2023-05-31T08:58:08","modified_gmt":"2023-05-31T05:58:08","slug":"noutatile","status":"publish","type":"page","link":"http:\/\/lemi.projects.uvt.ro\/ro\/noutatile\/","title":{"rendered":"Nout\u0103\u021bi"},"content":{"rendered":"\t<div class=\"wpnawfree-plugin news-clearfix \" id=\"wpnw-news-1\">\r\n\r\n\t\t\r\n\t\t\t<div id=\"post-796\" class=\"news type-news wpnaw-blog-class has-date news-col-1 wpnaw-first\">\r\n\t\t\t\t<div class=\"news-inner-wrap-view news-clearfix wpnaw-news-no-image\">\r\n\r\n\t\t\t\t\t\r\n\t\t\t\t\t<div class=\"news-content\">\r\n\t\t\t\t\t\t\t\t\t\t\t\t\t<div class=\"date-post\">\r\n\t\t\t\t\t\t\t\t<h2><span>25<\/span><\/h2>\r\n\t\t\t\t\t\t\t\t<p>oct. 23<\/p>\r\n\t\t\t\t\t\t\t<\/div>\r\n\t\t\t\t\t\t\r\n\t\t\t\t\t\t<div class=\"post-content-text\">\r\n\t\t\t\t\t\t\t<h3 class=\"news-title\"><a href=\"http:\/\/lemi.projects.uvt.ro\/ro\/news\/prezentare-la-conferinta-eladda-porto-portugalia\/\" rel=\"bookmark\">Prezentare la conferin\u021ba eLADDA, Porto, Portugalia<\/a><\/h3>\t\t\t\t\t\t\t\t<div class=\"news-cat\"><\/div>\r\n\t\t\t\t\t\t\t\t\t\t\t\t\t\t\t<div class=\"news-content-excerpt\">\r\n\t\t\t\t\t\t\t\t\t\t\t\t\t\t\t\t\t\t\t<div class=\"news-short-content\">\r\n\t\t\t\t\t\t\t\t\t\t\tValidarea la clas\u0103 a instrumentelor dezvoltate \u00een cadrul proiectului LEMI a fost \u00een centrul studiului \u201eValidating LEMI: A New Readability...\t\t\t\t\t\t\t\t\t\t<\/div>\r\n\t\t\t\t\t\t\t\t\t\t<a href=\"http:\/\/lemi.projects.uvt.ro\/ro\/news\/prezentare-la-conferinta-eladda-porto-portugalia\/\" class=\"news-more-link\">Read More<\/a>\r\n\t\t\t\t\t\t\t\t\t\t\t\t\t\t\t\t\t<\/div><!-- .entry-content -->\r\n\t\t\t\t\t\t\t\t\t\t\t\t\t<\/div>\r\n\t\t\t\t\t<\/div>\r\n\t\t\t\t<\/div><!-- #post-## -->\r\n\t\t\t<\/div><!-- #post-## -->\r\n\t\t\r\n\t\t\t<div id=\"post-790\" class=\"news type-news wpnaw-blog-class has-date news-col-1\">\r\n\t\t\t\t<div class=\"news-inner-wrap-view news-clearfix wpnaw-news-no-image\">\r\n\r\n\t\t\t\t\t\r\n\t\t\t\t\t<div class=\"news-content\">\r\n\t\t\t\t\t\t\t\t\t\t\t\t\t<div class=\"date-post\">\r\n\t\t\t\t\t\t\t\t<h2><span>24<\/span><\/h2>\r\n\t\t\t\t\t\t\t\t<p>aug. 23<\/p>\r\n\t\t\t\t\t\t\t<\/div>\r\n\t\t\t\t\t\t\r\n\t\t\t\t\t\t<div class=\"post-content-text\">\r\n\t\t\t\t\t\t\t<h3 class=\"news-title\"><a href=\"http:\/\/lemi.projects.uvt.ro\/ro\/news\/lemi-in-buletinul-informativ-afcn-din-24-30-august-2023\/\" rel=\"bookmark\">LEMI \u00een Buletinul Informativ AFCN, din 24-30 august 2023<\/a><\/h3>\t\t\t\t\t\t\t\t<div class=\"news-cat\"><\/div>\r\n\t\t\t\t\t\t\t\t\t\t\t\t\t\t\t<div class=\"news-content-excerpt\">\r\n\t\t\t\t\t\t\t\t\t\t\t\t\t\t\t\t\t\t\t<div class=\"news-short-content\">\r\n\t\t\t\t\t\t\t\t\t\t\tRaportul de activitate academic\u0103 al proiectului LEMI a fost inclus \u00een Buletinul Informativ AFCN din perioada 24-30 august 2023. &nbsp;...\t\t\t\t\t\t\t\t\t\t<\/div>\r\n\t\t\t\t\t\t\t\t\t\t<a href=\"http:\/\/lemi.projects.uvt.ro\/ro\/news\/lemi-in-buletinul-informativ-afcn-din-24-30-august-2023\/\" class=\"news-more-link\">Read More<\/a>\r\n\t\t\t\t\t\t\t\t\t\t\t\t\t\t\t\t\t<\/div><!-- .entry-content -->\r\n\t\t\t\t\t\t\t\t\t\t\t\t\t<\/div>\r\n\t\t\t\t\t<\/div>\r\n\t\t\t\t<\/div><!-- #post-## -->\r\n\t\t\t<\/div><!-- #post-## -->\r\n\t\t\r\n\t\t\t<div id=\"post-772\" class=\"news type-news wpnaw-blog-class has-date news-col-1\">\r\n\t\t\t\t<div class=\"news-inner-wrap-view news-clearfix wpnaw-news-no-image\">\r\n\r\n\t\t\t\t\t\r\n\t\t\t\t\t<div class=\"news-content\">\r\n\t\t\t\t\t\t\t\t\t\t\t\t\t<div class=\"date-post\">\r\n\t\t\t\t\t\t\t\t<h2><span>18<\/span><\/h2>\r\n\t\t\t\t\t\t\t\t<p>aug. 23<\/p>\r\n\t\t\t\t\t\t\t<\/div>\r\n\t\t\t\t\t\t\r\n\t\t\t\t\t\t<div class=\"post-content-text\">\r\n\t\t\t\t\t\t\t<h3 class=\"news-title\"><a href=\"http:\/\/lemi.projects.uvt.ro\/ro\/news\/prezentare-la-conferinta-eurocall-reykjavik-islanda\/\" rel=\"bookmark\">Prezentare la conferin\u021ba EUROCALL, Reykjavik, Islanda<\/a><\/h3>\t\t\t\t\t\t\t\t<div class=\"news-cat\"><\/div>\r\n\t\t\t\t\t\t\t\t\t\t\t\t\t\t\t<div class=\"news-content-excerpt\">\r\n\t\t\t\t\t\t\t\t\t\t\t\t\t\t\t\t\t\t\t<div class=\"news-short-content\">\r\n\t\t\t\t\t\t\t\t\t\t\tUn nou studiu al echipei LEMI, reprezentat\u0103 de Roxana Rogobete, Alexandru Oravi\u021ban, M\u0103d\u0103lina Chitez \u0219i Karla Cs\u00fcr\u00f6s, intitulat \u201eDeveloping LEMI:...\t\t\t\t\t\t\t\t\t\t<\/div>\r\n\t\t\t\t\t\t\t\t\t\t<a href=\"http:\/\/lemi.projects.uvt.ro\/ro\/news\/prezentare-la-conferinta-eurocall-reykjavik-islanda\/\" class=\"news-more-link\">Read More<\/a>\r\n\t\t\t\t\t\t\t\t\t\t\t\t\t\t\t\t\t<\/div><!-- .entry-content -->\r\n\t\t\t\t\t\t\t\t\t\t\t\t\t<\/div>\r\n\t\t\t\t\t<\/div>\r\n\t\t\t\t<\/div><!-- #post-## -->\r\n\t\t\t<\/div><!-- #post-## -->\r\n\t\t\r\n\t\t\t<div id=\"post-753\" class=\"news type-news wpnaw-blog-class has-date news-col-1\">\r\n\t\t\t\t<div class=\"news-inner-wrap-view news-clearfix wpnaw-news-no-image\">\r\n\r\n\t\t\t\t\t\r\n\t\t\t\t\t<div class=\"news-content\">\r\n\t\t\t\t\t\t\t\t\t\t\t\t\t<div class=\"date-post\">\r\n\t\t\t\t\t\t\t\t<h2><span>30<\/span><\/h2>\r\n\t\t\t\t\t\t\t\t<p>iun. 23<\/p>\r\n\t\t\t\t\t\t\t<\/div>\r\n\t\t\t\t\t\t\r\n\t\t\t\t\t\t<div class=\"post-content-text\">\r\n\t\t\t\t\t\t\t<h3 class=\"news-title\"><a href=\"http:\/\/lemi.projects.uvt.ro\/ro\/news\/prezentare-la-conferinta-future-of-education-florenta-italia\/\" rel=\"bookmark\">Prezentare la conferin\u021ba Future of Education, Floren\u021ba, Italia<\/a><\/h3>\t\t\t\t\t\t\t\t<div class=\"news-cat\"><\/div>\r\n\t\t\t\t\t\t\t\t\t\t\t\t\t\t\t<div class=\"news-content-excerpt\">\r\n\t\t\t\t\t\t\t\t\t\t\t\t\t\t\t\t\t\t\t<div class=\"news-short-content\">\r\n\t\t\t\t\t\t\t\t\t\t\tEchipa LEMI, reprezentat\u0103 de M\u0103d\u0103lina Chitez, Roxana Rogobete \u0219i Alexandru Oravi\u021ban, a prezentat lucrarea \u201eDesigning LEMI: the Romanian language tool...\t\t\t\t\t\t\t\t\t\t<\/div>\r\n\t\t\t\t\t\t\t\t\t\t<a href=\"http:\/\/lemi.projects.uvt.ro\/ro\/news\/prezentare-la-conferinta-future-of-education-florenta-italia\/\" class=\"news-more-link\">Read More<\/a>\r\n\t\t\t\t\t\t\t\t\t\t\t\t\t\t\t\t\t<\/div><!-- .entry-content -->\r\n\t\t\t\t\t\t\t\t\t\t\t\t\t<\/div>\r\n\t\t\t\t\t<\/div>\r\n\t\t\t\t<\/div><!-- #post-## -->\r\n\t\t\t<\/div><!-- #post-## -->\r\n\t\t\r\n\t\t\t<div id=\"post-741\" class=\"news type-news wpnaw-blog-class has-date news-col-1\">\r\n\t\t\t\t<div class=\"news-inner-wrap-view news-clearfix wpnaw-news-no-image\">\r\n\r\n\t\t\t\t\t\r\n\t\t\t\t\t<div class=\"news-content\">\r\n\t\t\t\t\t\t\t\t\t\t\t\t\t<div class=\"date-post\">\r\n\t\t\t\t\t\t\t\t<h2><span>10<\/span><\/h2>\r\n\t\t\t\t\t\t\t\t<p>iun. 23<\/p>\r\n\t\t\t\t\t\t\t<\/div>\r\n\t\t\t\t\t\t\r\n\t\t\t\t\t\t<div class=\"post-content-text\">\r\n\t\t\t\t\t\t\t<h3 class=\"news-title\"><a href=\"http:\/\/lemi.projects.uvt.ro\/ro\/news\/prezentare-la-conferinta-baia-mare-romania\/\" rel=\"bookmark\">Prezentare la conferin\u021b\u0103, Baia Mare, Rom\u00e2nia<\/a><\/h3>\t\t\t\t\t\t\t\t<div class=\"news-cat\"><\/div>\r\n\t\t\t\t\t\t\t\t\t\t\t\t\t\t\t<div class=\"news-content-excerpt\">\r\n\t\t\t\t\t\t\t\t\t\t\t\t\t\t\t\t\t\t\t<div class=\"news-short-content\">\r\n\t\t\t\t\t\t\t\t\t\t\tEchipa LEMI, reprezentat\u0103 de Karla Cs\u00fcr\u00f6s, Florina Anderc\u0103u \u0219i Roxana Delia Prohap, a prezentat lucrarea \u201eChildren\u2019s Literature with LEMI: Preliminary...\t\t\t\t\t\t\t\t\t\t<\/div>\r\n\t\t\t\t\t\t\t\t\t\t<a href=\"http:\/\/lemi.projects.uvt.ro\/ro\/news\/prezentare-la-conferinta-baia-mare-romania\/\" class=\"news-more-link\">Read More<\/a>\r\n\t\t\t\t\t\t\t\t\t\t\t\t\t\t\t\t\t<\/div><!-- .entry-content -->\r\n\t\t\t\t\t\t\t\t\t\t\t\t\t<\/div>\r\n\t\t\t\t\t<\/div>\r\n\t\t\t\t<\/div><!-- #post-## -->\r\n\t\t\t<\/div><!-- #post-## -->\r\n\t\t\r\n\t\t\t<div id=\"post-730\" class=\"news type-news wpnaw-blog-class has-date news-col-1\">\r\n\t\t\t\t<div class=\"news-inner-wrap-view news-clearfix wpnaw-news-no-image\">\r\n\r\n\t\t\t\t\t\r\n\t\t\t\t\t<div class=\"news-content\">\r\n\t\t\t\t\t\t\t\t\t\t\t\t\t<div class=\"date-post\">\r\n\t\t\t\t\t\t\t\t<h2><span>13<\/span><\/h2>\r\n\t\t\t\t\t\t\t\t<p>apr. 23<\/p>\r\n\t\t\t\t\t\t\t<\/div>\r\n\t\t\t\t\t\t\r\n\t\t\t\t\t\t<div class=\"post-content-text\">\r\n\t\t\t\t\t\t\t<h3 class=\"news-title\"><a href=\"http:\/\/lemi.projects.uvt.ro\/ro\/news\/prezentare-la-conferinta-smart-diaspora-timisoara-romania\/\" rel=\"bookmark\">Prezentare la conferin\u021ba SMART Diaspora, Timi\u0219oara, Rom\u00e2nia<\/a><\/h3>\t\t\t\t\t\t\t\t<div class=\"news-cat\"><\/div>\r\n\t\t\t\t\t\t\t\t\t\t\t\t\t\t\t<div class=\"news-content-excerpt\">\r\n\t\t\t\t\t\t\t\t\t\t\t\t\t\t\t\t\t\t\t<div class=\"news-short-content\">\r\n\t\t\t\t\t\t\t\t\t\t\tAlexandru Oravi\u021ban, cercet\u0103tor postdoctoral, membru al echipei LEMI, a prezentat lucrarea \u201eLEMI: Primii pa\u0219i \u2013 provoc\u0103ri, r\u0103spunsuri?\u201d (vezi extras din...\t\t\t\t\t\t\t\t\t\t<\/div>\r\n\t\t\t\t\t\t\t\t\t\t<a href=\"http:\/\/lemi.projects.uvt.ro\/ro\/news\/prezentare-la-conferinta-smart-diaspora-timisoara-romania\/\" class=\"news-more-link\">Read More<\/a>\r\n\t\t\t\t\t\t\t\t\t\t\t\t\t\t\t\t\t<\/div><!-- .entry-content -->\r\n\t\t\t\t\t\t\t\t\t\t\t\t\t<\/div>\r\n\t\t\t\t\t<\/div>\r\n\t\t\t\t<\/div><!-- #post-## -->\r\n\t\t\t<\/div><!-- #post-## -->\r\n\t\t\r\n\t\t\t<div id=\"post-502\" class=\"news type-news wpnaw-blog-class has-date news-col-1\">\r\n\t\t\t\t<div class=\"news-inner-wrap-view news-clearfix wpnaw-news-no-image\">\r\n\r\n\t\t\t\t\t\r\n\t\t\t\t\t<div class=\"news-content\">\r\n\t\t\t\t\t\t\t\t\t\t\t\t\t<div class=\"date-post\">\r\n\t\t\t\t\t\t\t\t<h2><span>3<\/span><\/h2>\r\n\t\t\t\t\t\t\t\t<p>mart. 23<\/p>\r\n\t\t\t\t\t\t\t<\/div>\r\n\t\t\t\t\t\t\r\n\t\t\t\t\t\t<div class=\"post-content-text\">\r\n\t\t\t\t\t\t\t<h3 class=\"news-title\"><a href=\"http:\/\/lemi.projects.uvt.ro\/ro\/news\/afcn-pagina-facebook-si-newsletter-martie-2023-anunta-demararea-proiectului-lemi\/\" rel=\"bookmark\">AFCN (Pagina Facebook \u0219i Newsletter Martie 2023) anun\u021b\u0103 demararea proiectului LEMI:<\/a><\/h3>\t\t\t\t\t\t\t\t<div class=\"news-cat\"><\/div>\r\n\t\t\t\t\t\t\t\t\t\t\t\t\t\t\t<div class=\"news-content-excerpt\">\r\n\t\t\t\t\t\t\t\t\t\t\t\t\t\t\t\t\t\t\t<div class=\"news-short-content\">\r\n\t\t\t\t\t\t\t\t\t\t\tMai multe informa\u021bii aici \u0219i aici.\t\t\t\t\t\t\t\t\t\t<\/div>\r\n\t\t\t\t\t\t\t\t\t\t<a href=\"http:\/\/lemi.projects.uvt.ro\/ro\/news\/afcn-pagina-facebook-si-newsletter-martie-2023-anunta-demararea-proiectului-lemi\/\" class=\"news-more-link\">Read More<\/a>\r\n\t\t\t\t\t\t\t\t\t\t\t\t\t\t\t\t\t<\/div><!-- .entry-content -->\r\n\t\t\t\t\t\t\t\t\t\t\t\t\t<\/div>\r\n\t\t\t\t\t<\/div>\r\n\t\t\t\t<\/div><!-- #post-## -->\r\n\t\t\t<\/div><!-- #post-## -->\r\n\t\t\r\n\t\t\t<div id=\"post-525\" class=\"news type-news wpnaw-blog-class has-date news-col-1\">\r\n\t\t\t\t<div class=\"news-inner-wrap-view news-clearfix wpnaw-news-no-image\">\r\n\r\n\t\t\t\t\t\r\n\t\t\t\t\t<div class=\"news-content\">\r\n\t\t\t\t\t\t\t\t\t\t\t\t\t<div class=\"date-post\">\r\n\t\t\t\t\t\t\t\t<h2><span>1<\/span><\/h2>\r\n\t\t\t\t\t\t\t\t<p>mart. 23<\/p>\r\n\t\t\t\t\t\t\t<\/div>\r\n\t\t\t\t\t\t\r\n\t\t\t\t\t\t<div class=\"post-content-text\">\r\n\t\t\t\t\t\t\t<h3 class=\"news-title\"><a href=\"http:\/\/lemi.projects.uvt.ro\/ro\/news\/newsletter-uvt-martie-2023-anunta-demararea-proiectului-lemi\/\" rel=\"bookmark\">Newsletter UVT (Martie 2023) anun\u021b\u0103 demararea proiectului LEMI:<\/a><\/h3>\t\t\t\t\t\t\t\t<div class=\"news-cat\"><\/div>\r\n\t\t\t\t\t\t\t\t\t\t\t\t\t\t\t<div class=\"news-content-excerpt\">\r\n\t\t\t\t\t\t\t\t\t\t\t\t\t\t\t\t\t\t\t<div class=\"news-short-content\">\r\n\t\t\t\t\t\t\t\t\t\t\tMai multe informa\u021bii aici.\t\t\t\t\t\t\t\t\t\t<\/div>\r\n\t\t\t\t\t\t\t\t\t\t<a href=\"http:\/\/lemi.projects.uvt.ro\/ro\/news\/newsletter-uvt-martie-2023-anunta-demararea-proiectului-lemi\/\" class=\"news-more-link\">Read More<\/a>\r\n\t\t\t\t\t\t\t\t\t\t\t\t\t\t\t\t\t<\/div><!-- .entry-content -->\r\n\t\t\t\t\t\t\t\t\t\t\t\t\t<\/div>\r\n\t\t\t\t\t<\/div>\r\n\t\t\t\t<\/div><!-- #post-## -->\r\n\t\t\t<\/div><!-- #post-## -->\r\n\t\t\r\n\t\t\t<div id=\"post-518\" class=\"news type-news wpnaw-blog-class has-date news-col-1\">\r\n\t\t\t\t<div class=\"news-inner-wrap-view news-clearfix wpnaw-news-no-image\">\r\n\r\n\t\t\t\t\t\r\n\t\t\t\t\t<div class=\"news-content\">\r\n\t\t\t\t\t\t\t\t\t\t\t\t\t<div class=\"date-post\">\r\n\t\t\t\t\t\t\t\t<h2><span>24<\/span><\/h2>\r\n\t\t\t\t\t\t\t\t<p>feb. 23<\/p>\r\n\t\t\t\t\t\t\t<\/div>\r\n\t\t\t\t\t\t\r\n\t\t\t\t\t\t<div class=\"post-content-text\">\r\n\t\t\t\t\t\t\t<h3 class=\"news-title\"><a href=\"http:\/\/lemi.projects.uvt.ro\/ro\/news\/avizierul-digital-al-uvt-prezinta-lansarea-proiectului-lemi\/\" rel=\"bookmark\">Avizierul digital al UVT prezint\u0103 lansarea proiectului LEMI:<\/a><\/h3>\t\t\t\t\t\t\t\t<div class=\"news-cat\"><\/div>\r\n\t\t\t\t\t\t\t\t\t\t\t\t\t\t\t<div class=\"news-content-excerpt\">\r\n\t\t\t\t\t\t\t\t\t\t\t\t\t\t\t\t\t\t\t<div class=\"news-short-content\">\r\n\t\t\t\t\t\t\t\t\t\t\t\u00cen luna februarie 2023 a debutat proiectul Lectur\u0103 pentru mine. \u0218tiin\u021ba \u00een slujba copiilor \u2013 LEMI, c\u00e2\u0219tig\u0103tor al unei finan\u021b\u0103ri...\t\t\t\t\t\t\t\t\t\t<\/div>\r\n\t\t\t\t\t\t\t\t\t\t<a href=\"http:\/\/lemi.projects.uvt.ro\/ro\/news\/avizierul-digital-al-uvt-prezinta-lansarea-proiectului-lemi\/\" class=\"news-more-link\">Read More<\/a>\r\n\t\t\t\t\t\t\t\t\t\t\t\t\t\t\t\t\t<\/div><!-- .entry-content -->\r\n\t\t\t\t\t\t\t\t\t\t\t\t\t<\/div>\r\n\t\t\t\t\t<\/div>\r\n\t\t\t\t<\/div><!-- #post-## -->\r\n\t\t\t<\/div><!-- #post-## -->\r\n\t\t\r\n\t\t\t<div id=\"post-513\" class=\"news type-news wpnaw-blog-class has-date news-col-1 wpnaw-last\">\r\n\t\t\t\t<div class=\"news-inner-wrap-view news-clearfix wpnaw-news-no-image\">\r\n\r\n\t\t\t\t\t\r\n\t\t\t\t\t<div class=\"news-content\">\r\n\t\t\t\t\t\t\t\t\t\t\t\t\t<div class=\"date-post\">\r\n\t\t\t\t\t\t\t\t<h2><span>23<\/span><\/h2>\r\n\t\t\t\t\t\t\t\t<p>dec. 22<\/p>\r\n\t\t\t\t\t\t\t<\/div>\r\n\t\t\t\t\t\t\r\n\t\t\t\t\t\t<div class=\"post-content-text\">\r\n\t\t\t\t\t\t\t<h3 class=\"news-title\"><a href=\"http:\/\/lemi.projects.uvt.ro\/ro\/news\/dor-decat-o-revista-relateaza-despre-lemi\/\" rel=\"bookmark\">DoR (Dec\u00e2t o Revist\u0103) relateaz\u0103 despre LEMI:<\/a><\/h3>\t\t\t\t\t\t\t\t<div class=\"news-cat\"><\/div>\r\n\t\t\t\t\t\t\t\t\t\t\t\t\t\t\t<div class=\"news-content-excerpt\">\r\n\t\t\t\t\t\t\t\t\t\t\t\t\t\t\t\t\t\t\t<div class=\"news-short-content\">\r\n\t\t\t\t\t\t\t\t\t\t\tLECTUR\u0102 PENTRU COPII. Universitatea din Timi\u0219oara a primit finan\u021bare pentru a crea un instrument digital bazat pe cercetare lingvistic\u0103 pentru...\t\t\t\t\t\t\t\t\t\t<\/div>\r\n\t\t\t\t\t\t\t\t\t\t<a href=\"http:\/\/lemi.projects.uvt.ro\/ro\/news\/dor-decat-o-revista-relateaza-despre-lemi\/\" class=\"news-more-link\">Read More<\/a>\r\n\t\t\t\t\t\t\t\t\t\t\t\t\t\t\t\t\t<\/div><!-- .entry-content -->\r\n\t\t\t\t\t\t\t\t\t\t\t\t\t<\/div>\r\n\t\t\t\t\t<\/div>\r\n\t\t\t\t<\/div><!-- #post-## -->\r\n\t\t\t<\/div><!-- #post-## -->\r\n\t\t\t\t\t<div class=\"news_pagination wpnw-numeric\">\r\n\t\t\t\t<span aria-current=\"page\" class=\"page-numbers current\">1<\/span>\n<a class=\"page-numbers\" href=\"http:\/\/lemi.projects.uvt.ro\/ro\/wp-json\/wp\/v2\/pages\/493\/page\/2\/#wpnw-news-1\">2<\/a>\n<a class=\"next page-numbers\" href=\"http:\/\/lemi.projects.uvt.ro\/ro\/wp-json\/wp\/v2\/pages\/493\/page\/2\/#wpnw-news-1\">Next &raquo;<\/a>\t\t\t<\/div>\r\n\t\t\t<\/div>\r\n\r\n\t\n","protected":false},"excerpt":{"rendered":"","protected":false},"author":1,"featured_media":0,"parent":0,"menu_order":0,"comment_status":"closed","ping_status":"closed","template":"","meta":{"footnotes":""},"_links":{"self":[{"href":"http:\/\/lemi.projects.uvt.ro\/ro\/wp-json\/wp\/v2\/pages\/493"}],"collection":[{"href":"http:\/\/lemi.projects.uvt.ro\/ro\/wp-json\/wp\/v2\/pages"}],"about":[{"href":"http:\/\/lemi.projects.uvt.ro\/ro\/wp-json\/wp\/v2\/types\/page"}],"author":[{"embeddable":true,"href":"http:\/\/lemi.projects.uvt.ro\/ro\/wp-json\/wp\/v2\/users\/1"}],"replies":[{"embeddable":true,"href":"http:\/\/lemi.projects.uvt.ro\/ro\/wp-json\/wp\/v2\/comments?post=493"}],"version-history":[{"count":5,"href":"http:\/\/lemi.projects.uvt.ro\/ro\/wp-json\/wp\/v2\/pages\/493\/revisions"}],"predecessor-version":[{"id":671,"href":"http:\/\/lemi.projects.uvt.ro\/ro\/wp-json\/wp\/v2\/pages\/493\/revisions\/671"}],"wp:attachment":[{"href":"http:\/\/lemi.projects.uvt.ro\/ro\/wp-json\/wp\/v2\/media?parent=493"}],"curies":[{"name":"wp","href":"https:\/\/api.w.org\/{rel}","templated":true}]}}