{"id":130,"date":"2023-02-14T08:25:21","date_gmt":"2023-02-14T05:25:21","guid":{"rendered":"http:\/\/lemi.projects.uvt.ro\/?page_id=130"},"modified":"2023-08-31T07:29:19","modified_gmt":"2023-08-31T04:29:19","slug":"cercetare","status":"publish","type":"page","link":"http:\/\/lemi.projects.uvt.ro\/ro\/cercetare\/","title":{"rendered":"Cercetare"},"content":{"rendered":"<p><div class=\"container theme5\" style=\"width:100%; height:auto\"><ul class=\"responsive-accordion responsive-accordion-default bm-larger\"><li><div class=\"responsive-accordion-head\" style=\"background-color:#5b5b5b\"><span style=\"color:#ffb024;font-size:18px\">1. Rezultate chestionare LEMI<\/span><i class=\"fa fa-chevron-down responsive-accordion-plus fa-fw\"><\/i><i class=\"fa fa-chevron-up responsive-accordion-minus fa-fw\"><\/i><\/div><div class=\"responsive-accordion-panel\"style=\"background-color:;padding:12px;color:;font-size:15px\"><p>Mai jos c\u00e2teva din rezultatele preliminare ale analizei chestionarului LEMI:<\/p>\n<p><img loading=\"lazy\" decoding=\"async\" class=\"size-full wp-image-706 aligncenter\" src=\"http:\/\/lemi.projects.uvt.ro\/wp-content\/uploads\/2023\/03\/Rezultate-chestionare-LEMI1.jpg\" alt=\"\" width=\"673\" height=\"501\" srcset=\"http:\/\/lemi.projects.uvt.ro\/wp-content\/uploads\/2023\/03\/Rezultate-chestionare-LEMI1.jpg 673w, http:\/\/lemi.projects.uvt.ro\/wp-content\/uploads\/2023\/03\/Rezultate-chestionare-LEMI1-300x223.jpg 300w\" sizes=\"(max-width: 673px) 100vw, 673px\" \/><\/p>\n<p style=\"text-align: center;\">Distribu\u021bia rural versus urban a responden\u021bilor chestionarului LEMI<\/p>\n<p>&nbsp;<\/p>\n<p><img loading=\"lazy\" decoding=\"async\" class=\"size-full wp-image-708 aligncenter\" src=\"http:\/\/lemi.projects.uvt.ro\/wp-content\/uploads\/2023\/03\/Rezultate-chestionare-LEMI2.jpg\" alt=\"\" width=\"673\" height=\"501\" srcset=\"http:\/\/lemi.projects.uvt.ro\/wp-content\/uploads\/2023\/03\/Rezultate-chestionare-LEMI2.jpg 673w, http:\/\/lemi.projects.uvt.ro\/wp-content\/uploads\/2023\/03\/Rezultate-chestionare-LEMI2-300x223.jpg 300w\" sizes=\"(max-width: 673px) 100vw, 673px\" \/><\/p>\n<p style=\"text-align: center;\">Distribu\u021bia pe niveluri de clas\u0103 a responden\u021bilor chestionarului LEMI<\/p>\n<p>&nbsp;<\/p>\n<p><img loading=\"lazy\" decoding=\"async\" class=\"alignnone size-full wp-image-710 aligncenter\" src=\"http:\/\/lemi.projects.uvt.ro\/wp-content\/uploads\/2023\/03\/Rezultate-chestionare-LEMI3.jpg\" alt=\"\" width=\"480\" height=\"270\" srcset=\"http:\/\/lemi.projects.uvt.ro\/wp-content\/uploads\/2023\/03\/Rezultate-chestionare-LEMI3.jpg 480w, http:\/\/lemi.projects.uvt.ro\/wp-content\/uploads\/2023\/03\/Rezultate-chestionare-LEMI3-300x169.jpg 300w\" sizes=\"(max-width: 480px) 100vw, 480px\" \/><\/p>\n<p style=\"text-align: center;\">C\u0103r\u021bi scrise de autori rom\u00e2ni recomandate de responden\u021bii <em>Chestionarului LEMI Cadre Didactice<\/em><\/p>\n<p>&nbsp;<\/p>\n<p><img loading=\"lazy\" decoding=\"async\" class=\"size-full wp-image-712 aligncenter\" src=\"http:\/\/lemi.projects.uvt.ro\/wp-content\/uploads\/2023\/03\/Rezultate-chestionare-LEMI4.jpg\" alt=\"\" width=\"480\" height=\"270\" srcset=\"http:\/\/lemi.projects.uvt.ro\/wp-content\/uploads\/2023\/03\/Rezultate-chestionare-LEMI4.jpg 480w, http:\/\/lemi.projects.uvt.ro\/wp-content\/uploads\/2023\/03\/Rezultate-chestionare-LEMI4-300x169.jpg 300w\" sizes=\"(max-width: 480px) 100vw, 480px\" \/><\/p>\n<p style=\"text-align: center;\">C\u0103r\u021bi scrise de autori str\u0103ini recomandate de responden\u021bii <em>Chestionarului LEMI Cadre Didactice<\/em><\/p>\n<p>&nbsp;<\/p>\n<p><img loading=\"lazy\" decoding=\"async\" class=\"alignnone size-full wp-image-714 aligncenter\" src=\"http:\/\/lemi.projects.uvt.ro\/wp-content\/uploads\/2023\/03\/Rezultate-chestionare-LEMI5.jpg\" alt=\"\" width=\"480\" height=\"270\" srcset=\"http:\/\/lemi.projects.uvt.ro\/wp-content\/uploads\/2023\/03\/Rezultate-chestionare-LEMI5.jpg 480w, http:\/\/lemi.projects.uvt.ro\/wp-content\/uploads\/2023\/03\/Rezultate-chestionare-LEMI5-300x169.jpg 300w\" sizes=\"(max-width: 480px) 100vw, 480px\" \/><\/p>\n<p style=\"text-align: center;\">C\u0103r\u021bi recomandate de responden\u021bii <em>Chestionarului LEMI Elevi<\/em><\/p>\n<p>&nbsp;<\/p>\n<p style=\"text-align: justify;\">Pentru a vizualiza raportul integral privind rezultatele analizei chestionarului LEMI, pute\u021bi accesa Documentul <strong>Raport Chestionar LEMI<\/strong> aici (accesibil pe baz\u0103 de cod de acces, care se poate ob\u021bine de la echipa LEMI la adresa: <a href=\"mailto:codhus@e-uvt.ro\">codhus@e-uvt.ro<\/a>)<\/p>\n<p>Mai multe despre rezultatele cercet\u0103rii \u0219i diseminarea acestora la rubrica <strong>Nout\u0103\u021bi <\/strong><a href=\"http:\/\/lemi.projects.uvt.ro\/ro\/noutatile\/\">aici<\/a>.<\/p>\n<\/div><\/li><li><div class=\"responsive-accordion-head\" style=\"background-color:#5b5b5b\"><span style=\"color:#ffb024;font-size:18px\">2. Date preliminare privind repozitoriul digital de texte pentru lectur\u0103<\/span><i class=\"fa fa-chevron-down responsive-accordion-plus fa-fw\"><\/i><i class=\"fa fa-chevron-up responsive-accordion-minus fa-fw\"><\/i><\/div><div class=\"responsive-accordion-panel\"style=\"background-color:;padding:12px;color:;font-size:15px\"><p>Pentru a crea un repozitoriu digital util \u0219i reprezentativ ca \u0219i acoperire cultural-educativ\u0103, am selec\u021bionat texte din diverse categorii:<\/p>\n<ol>\n<li>texte recomandate de cadrele didactice<\/li>\n<li>texte recomandate de elevi<\/li>\n<li>texte men\u021bionate de p\u0103rin\u021bi<\/li>\n<li>texte propuse de echipa LEMI<\/li>\n<\/ol>\n<p>Simultan cu selec\u021bia textelor, am efectuat urm\u0103toarele opera\u021biuni de evaluare \u0219i prelucrare lingvistic\u0103 a textului:<\/p>\n<p>a. Am calculat <strong>scorul de lizibilitate <\/strong>al fiec\u0103rui text selectat (vezi \u0219i Punctul 3 - Date preliminare despre analiza complexit\u0103\u021bii textelor \u00een limba rom\u00e2n\u0103 - mai jos) . Acesta reflect\u0103 \u0219i nivelul de complexitate lingvistic\u0103 a textului respectiv. Textele cu scor prea ridicat (&gt;5) au fost fie eliminate din repozitoriu fie adaptate prin simplificare (vezi b.)<\/p>\n<p><img loading=\"lazy\" decoding=\"async\" class=\"size-full wp-image-716 aligncenter\" src=\"http:\/\/lemi.projects.uvt.ro\/wp-content\/uploads\/2023\/03\/date_prel_1.png\" alt=\"\" width=\"773\" height=\"237\" srcset=\"http:\/\/lemi.projects.uvt.ro\/wp-content\/uploads\/2023\/03\/date_prel_1.png 773w, http:\/\/lemi.projects.uvt.ro\/wp-content\/uploads\/2023\/03\/date_prel_1-300x92.png 300w, http:\/\/lemi.projects.uvt.ro\/wp-content\/uploads\/2023\/03\/date_prel_1-768x235.png 768w\" sizes=\"(max-width: 773px) 100vw, 773px\" \/><\/p>\n<p style=\"text-align: center;\">Metadatele asociate textelor pentru lectur\u0103 din platforma LEMI<\/p>\n<p>&nbsp;<\/p>\n<p style=\"text-align: justify;\">b. Am adaptat textele cu nivel ridicat de complexitate lingvistic\u0103 prin <strong>metode de simplificare<\/strong> a vocabularului \u0219i structurilor sintactice. Textul simplificat a fost \u0219i el verificat dup\u0103 formula de lizibilitate identificat\u0103 de echipa LEMI (vezi mai jos) pentru a putea fi \u00eencadrat la categoria de clas\u0103 \/ v\u00e2rst\u0103 \/ nivel potrivite.<\/p>\n<p>Mai multe despre rezultatele cercet\u0103rii \u0219i diseminarea acestora la rubrica <strong>Nout\u0103\u021bi <\/strong><a href=\"http:\/\/lemi.projects.uvt.ro\/ro\/noutatile\/\">aici<\/a>.<\/p>\n<\/div><\/li><li><div class=\"responsive-accordion-head\" style=\"background-color:#5b5b5b\"><span style=\"color:#ffb024;font-size:18px\">3. Date preliminare despre analiza complexit\u0103\u021bii textelor \u00een limba rom\u00e2n\u0103<\/span><i class=\"fa fa-chevron-down responsive-accordion-plus fa-fw\"><\/i><i class=\"fa fa-chevron-up responsive-accordion-minus fa-fw\"><\/i><\/div><div class=\"responsive-accordion-panel\"style=\"background-color:;padding:12px;color:;font-size:15px\"><p style=\"text-align: justify;\">Formula de lizibilitate (<em>readability formulas <\/em>\u00een literatura de specialitate) a fost calculat de noi pentru limba roman\u0103 prin adaptarea formulelor de calcul folosite pentru texte \u00een limba englez\u0103: Testul de Lizibilitate Flesch-Kincaid, Gunning Fog Index, SMOG Index \u0219i Formula de Lizibilitate Dale-Chall. Cercet\u0103rile noastre au scos \u00een eviden\u021b\u0103 faptul c\u0103 dou\u0103 formule de calcul sunt mai aproape de scorurile reale de lizibilitate \u00een limba rom\u00e2n\u0103: Gunning Fog Index \u0219i SMOG Index.<\/p>\n<p><img loading=\"lazy\" decoding=\"async\" class=\"size-full wp-image-718 aligncenter\" src=\"http:\/\/lemi.projects.uvt.ro\/wp-content\/uploads\/2023\/03\/date_prel_2.png\" alt=\"\" width=\"528\" height=\"422\" srcset=\"http:\/\/lemi.projects.uvt.ro\/wp-content\/uploads\/2023\/03\/date_prel_2.png 528w, http:\/\/lemi.projects.uvt.ro\/wp-content\/uploads\/2023\/03\/date_prel_2-300x240.png 300w\" sizes=\"(max-width: 528px) 100vw, 528px\" \/><\/p>\n<p style=\"text-align: center;\">Detalii privind formulele de lizibilitate Gunning Fog Index \u0219i SMOG Index (Sursa: ChatGPT)<\/p>\n<p>&nbsp;<\/p>\n<p style=\"text-align: justify;\">Mai multe despre formule de lizibilitate (<em>readability formulas<\/em>) <a href=\"https:\/\/readable.com\/features\/readability-formulas\/\">aici.<\/a><\/p>\n<p style=\"text-align: justify;\">Formula de lizibilitate pentru texte \u00een limba rom\u00e2n\u0103 a fost deja identificat\u0103. Ea urmeaz\u0103 a fi calibrat\u0103 prin proces\u0103ri recurente de texte, prin compara\u021bie cu formule de calcul existente \u0219i prin validare la clas\u0103.<\/p>\n<p style=\"text-align: justify;\">Mai multe despre formula final\u0103 de lizibilitate pentru texte \u00een limba rom\u00e2n\u0103 \u00een articolul \u0219tiin\u021bific (\u00een preg\u0103tire) aici.<\/p>\n<p style=\"text-align: justify;\">Mai multe despre rezultatele cercet\u0103rii \u0219i diseminarea acestora la rubrica <strong>Nout\u0103\u021bi <\/strong><a href=\"http:\/\/lemi.projects.uvt.ro\/ro\/noutatile\/\">aici<\/a>.<\/p>\n<\/div><\/li><li><div class=\"responsive-accordion-head\" style=\"background-color:#5b5b5b\"><span style=\"color:#ffb024;font-size:18px\">4. Date despre evaluarea instrumentului digital LEMI<\/span><i class=\"fa fa-chevron-down responsive-accordion-plus fa-fw\"><\/i><i class=\"fa fa-chevron-up responsive-accordion-minus fa-fw\"><\/i><\/div><div class=\"responsive-accordion-panel\"style=\"background-color:;padding:12px;color:;font-size:15px\"><p><i><span style=\"font-weight: 400;\">(\u00cen lucru)<\/span><\/i><\/p>\n<p style=\"text-align: center;\"><a href=\"http:\/\/lemi.projects.uvt.ro\/wp-content\/uploads\/2023\/03\/P7.jpg\"><img loading=\"lazy\" decoding=\"async\" class=\"alignnone wp-image-410\" src=\"http:\/\/lemi.projects.uvt.ro\/wp-content\/uploads\/2023\/03\/P7.jpg\" alt=\"\" width=\"602\" height=\"400\" srcset=\"http:\/\/lemi.projects.uvt.ro\/wp-content\/uploads\/2023\/03\/P7.jpg 1000w, http:\/\/lemi.projects.uvt.ro\/wp-content\/uploads\/2023\/03\/P7-300x200.jpg 300w, http:\/\/lemi.projects.uvt.ro\/wp-content\/uploads\/2023\/03\/P7-768x511.jpg 768w\" sizes=\"(max-width: 602px) 100vw, 602px\" \/><\/a><\/p>\n<\/div><\/li><\/ul><\/div><div class=\"container theme5\" style=\"width:100%; height:auto\"><ul class=\"responsive-accordion responsive-accordion-default bm-larger\"><li><div class=\"responsive-accordion-head\" style=\"background-color:#5b5b5b\"><span style=\"color:#ffb024;font-size:18px\">5. Conferin\u021be<\/span><i class=\"fa fa-chevron-down responsive-accordion-plus fa-fw\"><\/i><i class=\"fa fa-chevron-up responsive-accordion-minus fa-fw\"><\/i><\/div><div class=\"responsive-accordion-panel\"style=\"background-color:;padding:12px;color:;font-size:15px\"><table>\n<tbody>\n<tr>\n<td width=\"206\"><strong>Nume eveniment<\/strong><\/td>\n<td width=\"117\"><strong>Perioada si Locatia<\/strong><\/td>\n<td width=\"216\"><strong>Titlu<\/strong><\/td>\n<td width=\"114\"><strong>Autori<\/strong><\/td>\n<td width=\"83\"><strong>Link<\/strong><\/td>\n<td width=\"209\"><strong>Logo<\/strong><\/td>\n<\/tr>\n<tr>\n<td width=\"206\">Smart Diaspora 2023<\/td>\n<td width=\"117\">10-13 aprilie, 2023, Timi\u015foara (Rom\u00e2nia)<\/td>\n<td width=\"216\"><strong><em>LEMI: Primii pa\u0219i \u2013 provoc\u0103ri, r\u0103spunsuri?<\/em><\/strong><\/td>\n<td width=\"114\">Alexandru Oravi\u021ban<\/td>\n<td width=\"83\"><a href=\"https:\/\/www.diaspora-stiintifica.ro\/workshopuri\/inovare-la-intersectia-dintre-prelucrarea-limbajului-natural-si-digital-humanities-aplicabilitate-pentru-studii-de-limba-si-literatura-romana\">Link<\/a><\/td>\n<td style=\"text-align: center;\" width=\"209\"><img loading=\"lazy\" decoding=\"async\" class=\"alignnone size-medium wp-image-720\" src=\"http:\/\/lemi.projects.uvt.ro\/wp-content\/uploads\/2023\/08\/Smart-Diaspora-2023-300x270.png\" alt=\"\" width=\"300\" height=\"270\" srcset=\"http:\/\/lemi.projects.uvt.ro\/wp-content\/uploads\/2023\/08\/Smart-Diaspora-2023-300x270.png 300w, http:\/\/lemi.projects.uvt.ro\/wp-content\/uploads\/2023\/08\/Smart-Diaspora-2023-1024x920.png 1024w, http:\/\/lemi.projects.uvt.ro\/wp-content\/uploads\/2023\/08\/Smart-Diaspora-2023-768x690.png 768w, http:\/\/lemi.projects.uvt.ro\/wp-content\/uploads\/2023\/08\/Smart-Diaspora-2023.png 1200w\" sizes=\"(max-width: 300px) 100vw, 300px\" \/><\/td>\n<\/tr>\n<tr>\n<td width=\"206\">The first Baia Mare Conference on literature for children and young adults<\/td>\n<td width=\"117\">8-10 iunie 2023, Baia Mare (Rom\u00e2nia)<\/td>\n<td width=\"216\"><strong><em>Children\u2019s Literature with LEMI: Preliminary Steps in the Development of the First Romanian Text Readability App<\/em><\/strong><\/td>\n<td width=\"114\">Karla Cs\u00fcr\u00f6s<\/p>\n<p>Florina Anderc\u0103u<\/p>\n<p>Roxana Delia Prohap<\/td>\n<td width=\"83\"><\/td>\n<td style=\"text-align: center;\" width=\"209\"><img loading=\"lazy\" decoding=\"async\" class=\"alignnone size-medium wp-image-722\" src=\"http:\/\/lemi.projects.uvt.ro\/wp-content\/uploads\/2023\/08\/The-first-Baia-Mare-Conference-300x45.jpg\" alt=\"\" width=\"300\" height=\"45\" srcset=\"http:\/\/lemi.projects.uvt.ro\/wp-content\/uploads\/2023\/08\/The-first-Baia-Mare-Conference-300x45.jpg 300w, http:\/\/lemi.projects.uvt.ro\/wp-content\/uploads\/2023\/08\/The-first-Baia-Mare-Conference-768x115.jpg 768w, http:\/\/lemi.projects.uvt.ro\/wp-content\/uploads\/2023\/08\/The-first-Baia-Mare-Conference.jpg 1000w\" sizes=\"(max-width: 300px) 100vw, 300px\" \/><\/td>\n<\/tr>\n<tr>\n<td width=\"206\">The Future of Education 13<sup>th<\/sup> Edition 2023<\/td>\n<td width=\"117\">29 - 30 iunie 2023, Florence (Italia)<\/td>\n<td width=\"216\"><strong><em>Designing LEMI: the Romanian language tool that makes kids love reading<\/em><\/strong><\/td>\n<td width=\"114\">Madalina Chitez<\/p>\n<p>Roxana Rogobete<\/p>\n<p>Alexandru Oravi\u021ban<\/td>\n<td width=\"83\"><a href=\"https:\/\/conference.pixel-online.net\/library_scheda.php?id_abs=6037\">Link<\/a><\/td>\n<td style=\"text-align: center;\" width=\"209\"><img loading=\"lazy\" decoding=\"async\" class=\"alignnone size-full wp-image-724\" src=\"http:\/\/lemi.projects.uvt.ro\/wp-content\/uploads\/2023\/08\/The-Future-of-Education-13th-Edition-2023.jpg\" alt=\"\" width=\"153\" height=\"108\" \/><\/td>\n<\/tr>\n<tr>\n<td width=\"206\">EUROCALL 2023 \u2013 International Conference of the European Association for Computer-Assisted Language Learning<\/td>\n<td width=\"117\">15-18 august 2023, Reykjavik (Islanda)<\/td>\n<td width=\"216\"><strong><em>Developing LEMI: A new corpus based literacy support tool for schoolchildren<\/em><\/strong><\/td>\n<td width=\"114\">Roxana Rogobete<\/p>\n<p>Alexandru Oravi\u021ban<\/p>\n<p>M\u0103d\u0103lina Chitez<\/p>\n<p>Karla Cs\u00fcr\u00f6s<\/td>\n<td width=\"83\"><a href=\"https:\/\/vigdis.hi.is\/en\/events\/eurocall-2023\/\">Link<\/a><\/td>\n<td style=\"text-align: center;\" width=\"209\"><img loading=\"lazy\" decoding=\"async\" class=\"alignnone size-full wp-image-726\" src=\"http:\/\/lemi.projects.uvt.ro\/wp-content\/uploads\/2023\/08\/EUROCALL-2023.png\" alt=\"\" width=\"300\" height=\"212\" \/><\/td>\n<\/tr>\n<tr>\n<td width=\"206\">e-LADDA Closing Conference \/ ELN Pre-Summit Event 2023<\/td>\n<td width=\"117\">18-21 octombrie 2023, Porto (Portugalia)<\/td>\n<td width=\"216\"><strong><em>Validation of LEMI as the First Children\u2019s Literature Readability App for Romanian Language<\/em><\/strong><\/td>\n<td width=\"114\">Alexandru Oravi\u021ban<\/p>\n<p>Madalina Chitez<\/p>\n<p>Roxana Rogobete<\/p>\n<p>Karla Cs\u00fcr\u00f6s<\/td>\n<td width=\"83\"><a href=\"https:\/\/eln.eu\/conference-e-ladda\/\">Link<\/a><\/td>\n<td style=\"text-align: center;\" width=\"209\"><img loading=\"lazy\" decoding=\"async\" class=\"alignnone size-full wp-image-728\" src=\"http:\/\/lemi.projects.uvt.ro\/wp-content\/uploads\/2023\/08\/e-LADDA-Closing-Conference.png\" alt=\"\" width=\"100\" height=\"100\" \/><\/td>\n<\/tr>\n<\/tbody>\n<\/table>\n<p>&nbsp;<\/p>\n<p>Pentru mai multe detalii privind conferin\u021bele, pute\u021bi accesa rubrica <strong>Nout\u0103\u021bi <\/strong><a href=\"http:\/\/lemi.projects.uvt.ro\/ro\/noutatile\/\">aici<\/a>.<\/p>\n<\/div><\/li><li><div class=\"responsive-accordion-head\" style=\"background-color:#5b5b5b\"><span style=\"color:#ffb024;font-size:18px\">6. Publica\u021bii<\/span><i class=\"fa fa-chevron-down responsive-accordion-plus fa-fw\"><\/i><i class=\"fa fa-chevron-up responsive-accordion-minus fa-fw\"><\/i><\/div><div class=\"responsive-accordion-panel\"style=\"background-color:;padding:12px;color:;font-size:15px\"><p>Urm\u0103toarele publica\u021bii sunt rezultatul analizelor din cadrul proiectului LEMI:<\/p>\n<p style=\"text-align: justify;\">Chitez, M., Rogobete, R. \u0219i Oravi\u021ban, A. (2023), <strong>Designing LEMI: the Romanian language tool that makes kids love reading<\/strong>. <em>Conference Proceedings - 13<sup>th<\/sup> International Conference Future of Education<\/em>, 29 -30 iunie 2023, Floren\u021ba, Italia. Bologna: Filodiritto Editore, DOI: 10.26352\/H629_2384-9509, disponibil la: <a href=\"https:\/\/conference.pixel-online.net\/files\/foe\/ed0013\/FP\/3177-PRI6037-FP-FOE13.pdf\">https:\/\/conference.pixel-online.net\/files\/foe\/ed0013\/FP\/3177-PRI6037-FP-FOE13.pdf<\/a>.<\/p>\n<\/div><\/li><\/ul><\/div><\/p>\n","protected":false},"excerpt":{"rendered":"","protected":false},"author":1,"featured_media":0,"parent":0,"menu_order":0,"comment_status":"closed","ping_status":"closed","template":"","meta":{"footnotes":""},"_links":{"self":[{"href":"http:\/\/lemi.projects.uvt.ro\/ro\/wp-json\/wp\/v2\/pages\/130"}],"collection":[{"href":"http:\/\/lemi.projects.uvt.ro\/ro\/wp-json\/wp\/v2\/pages"}],"about":[{"href":"http:\/\/lemi.projects.uvt.ro\/ro\/wp-json\/wp\/v2\/types\/page"}],"author":[{"embeddable":true,"href":"http:\/\/lemi.projects.uvt.ro\/ro\/wp-json\/wp\/v2\/users\/1"}],"replies":[{"embeddable":true,"href":"http:\/\/lemi.projects.uvt.ro\/ro\/wp-json\/wp\/v2\/comments?post=130"}],"version-history":[{"count":8,"href":"http:\/\/lemi.projects.uvt.ro\/ro\/wp-json\/wp\/v2\/pages\/130\/revisions"}],"predecessor-version":[{"id":705,"href":"http:\/\/lemi.projects.uvt.ro\/ro\/wp-json\/wp\/v2\/pages\/130\/revisions\/705"}],"wp:attachment":[{"href":"http:\/\/lemi.projects.uvt.ro\/ro\/wp-json\/wp\/v2\/media?parent=130"}],"curies":[{"name":"wp","href":"https:\/\/api.w.org\/{rel}","templated":true}]}}